{"id":5,"date":"2015-06-02T08:05:43","date_gmt":"2015-06-02T08:05:43","guid":{"rendered":"http:\/\/www.lagoaazul-normandie.fr\/wpress\/?page_id=2"},"modified":"2018-02-12T09:47:46","modified_gmt":"2018-02-12T08:47:46","slug":"nos-partenaires","status":"publish","type":"page","link":"http:\/\/www.lagoaazul-normandie.fr\/newlagoa\/en-details\/nos-partenaires\/","title":{"rendered":"Nos partenaires"},"content":{"rendered":"<p>Merci \u00e0 nos partenaires qui nous aident \u00e0 promouvoir la Capoeira,<br \/>\nnotamment gr\u00e2ce au soutien qu&rsquo;ils nous apportent lors de l&rsquo;organisation<br \/>\nde notre \u00e9v\u00e8nement annuel le BATIZADO DE CAPOEIRA E TROCA DE CORDAS.<\/p>\n<p>Tous vos dons sont extras pour l&rsquo;organisation de notre \u00e9v\u00e9nement 2018 !<\/p>\n<p>14\u00e8me Batizado &#8211; Mars 2018<\/p>\n<p><a href=\"https:\/\/www.leetchi.com\/c\/association-de-lagoa-azul-capoeira\" target=\"_blank\" rel=\"noopener\">https:\/\/www.leetchi.com\/c\/association-de-lagoa-azul-capoeira<\/a><\/p>\n<p>&nbsp;<\/p>\n<p>Venez nombreux \u00e0 la soir\u00e9e br\u00e9silienne le samedi 17\/03 \u00e0 partir de 20h chez notre partenaire BISTRO POLITAIN (41 Boulevard Mar\u00e9<\/p>\n<p>chal Leclerc, 14000 Caen) !<\/p>\n<p><img loading=\"lazy\" class=\"wp-image-571 alignleft\" src=\"http:\/\/www.lagoaazul-normandie.fr\/newlagoa\/wp-content\/uploads\/2018\/02\/bistropolitain.jpg\" alt=\"\" width=\"173\" height=\"173\" srcset=\"http:\/\/www.lagoaazul-normandie.fr\/newlagoa\/wp-content\/uploads\/2018\/02\/bistropolitain.jpg 720w, http:\/\/www.lagoaazul-normandie.fr\/newlagoa\/wp-content\/uploads\/2018\/02\/bistropolitain-150x150.jpg 150w, http:\/\/www.lagoaazul-normandie.fr\/newlagoa\/wp-content\/uploads\/2018\/02\/bistropolitain-300x300.jpg 300w\" sizes=\"(max-width: 173px) 100vw, 173px\" \/><\/p>\n<hr \/>\n<p>&nbsp;<\/p>\n<p>&nbsp;<\/p>\n<p>&nbsp;<\/p>\n<p>&nbsp;<\/p>\n<p>&nbsp;<\/p>\n<p>&nbsp;<\/p>\n<p>&nbsp;<\/p>\n<p>L&rsquo;Association remercie les entreprises suivantes pour leurs dons qui ont contribu\u00e9 \u00e0 la bonne organisation du 13\u00e8me Batizado e troca de cordas de Lagoa Azul Capoeira les 18 et 19 mars 2017 :<\/p>\n<p>&#8211; Restaurant bar Au Bureau \u00e0 Caen<br \/>\n&#8211; Chez Flavia, restaurant br\u00e9silen, 134 Boulevard Mar\u00e9chal Leclerc, 14000 Caen, T\u00e9l\u00e9phone : 02 31 85 99 91 (<a href=\"https:\/\/www.tripadvisor.fr\/Restaurant_Review-g187182-d10336780-Reviews-Chez_Flavia-Caen_Calvados_Basse_Normandie_Normandy.html\">https:\/\/www.tripadvisor.fr\/Restaurant_Review-g187182-d10336780-Reviews-Chez_Flavia-Caen_Calvados_Basse_Normandie_Normandy.html<\/a>)<br \/>\n&#8211; Cours des Halles L.Briend au Chemin Vert \u00e0 Caen<\/p>\n<p><img loading=\"lazy\" class=\"alignnone wp-image-574\" src=\"http:\/\/www.lagoaazul-normandie.fr\/newlagoa\/wp-content\/uploads\/2018\/02\/cours-des-halles.jpeg\" alt=\"\" width=\"142\" height=\"106\" srcset=\"http:\/\/www.lagoaazul-normandie.fr\/newlagoa\/wp-content\/uploads\/2018\/02\/cours-des-halles.jpeg 600w, http:\/\/www.lagoaazul-normandie.fr\/newlagoa\/wp-content\/uploads\/2018\/02\/cours-des-halles-300x225.jpeg 300w\" sizes=\"(max-width: 142px) 100vw, 142px\" \/><br \/>\n&#8211; Monoprix \u00e0 Caen<\/p>\n<p><img loading=\"lazy\" class=\"alignnone wp-image-577\" style=\"font-weight: inherit;\" src=\"http:\/\/www.lagoaazul-normandie.fr\/newlagoa\/wp-content\/uploads\/2018\/02\/monop.jpg\" alt=\"\" width=\"101\" height=\"101\" srcset=\"http:\/\/www.lagoaazul-normandie.fr\/newlagoa\/wp-content\/uploads\/2018\/02\/monop.jpg 250w, http:\/\/www.lagoaazul-normandie.fr\/newlagoa\/wp-content\/uploads\/2018\/02\/monop-150x150.jpg 150w\" sizes=\"(max-width: 101px) 100vw, 101px\" \/><br \/>\n&#8211; Bou<span style=\"font-weight: inherit;\">langerie T<\/span><span style=\"font-weight: inherit;\">oulorge \u00e0 Caen<\/span><\/p>\n<p><img loading=\"lazy\" class=\"alignnone wp-image-576\" style=\"font-weight: inherit;\" src=\"http:\/\/www.lagoaazul-normandie.fr\/newlagoa\/wp-content\/uploads\/2018\/02\/maison-toulorge-detolle-sarl-caen-146046586948.jpg\" alt=\"\" width=\"92\" height=\"92\" srcset=\"http:\/\/www.lagoaazul-normandie.fr\/newlagoa\/wp-content\/uploads\/2018\/02\/maison-toulorge-detolle-sarl-caen-146046586948.jpg 640w, http:\/\/www.lagoaazul-normandie.fr\/newlagoa\/wp-content\/uploads\/2018\/02\/maison-toulorge-detolle-sarl-caen-146046586948-150x150.jpg 150w, http:\/\/www.lagoaazul-normandie.fr\/newlagoa\/wp-content\/uploads\/2018\/02\/maison-toulorge-detolle-sarl-caen-146046586948-300x300.jpg 300w\" sizes=\"(max-width: 92px) 100vw, 92px\" \/><\/p>\n<p>&#8211; K. Corv\u00e9, Carrefour Market de Bretteville sur Odon<br \/>\n<img loading=\"lazy\" class=\"alignleft\" src=\"http:\/\/www.lagoaazul-normandie.fr\/Images\/partenaires\/BRETTEVILLE_Encart%20Pub.jpg\" width=\"190\" height=\"114\" \/><\/p>\n<hr \/>\n<p>&nbsp;<\/p>\n<p>&nbsp;<\/p>\n<p>&nbsp;<\/p>\n<p>&nbsp;<\/p>\n<p>L&rsquo;Association remercie les entreprises suivantes pour leurs dons qui ont contribu\u00e9 \u00e0 la bonne organisation du 11\u00e8me Batizado e troca de cordas de Lagoa Azul Capoeira des 14 et 15 mars 2015 :<\/p>\n<p>&#8211; Restaurant bar Au Bureau \u00e0 Caen<br \/>\n&#8211; La Brasserie des Lys de Caen 02.31.86.28.28<br \/>\n&#8211; Mr M\u00e9nard de Carrefour city au Chemin Vert \u00e0 Caen<br \/>\n&#8211; Cours des Halles L.Briend au Chemin Vert \u00e0 Caen<br \/>\n&#8211; Mme Loisel de Carrefour Market \u00e0 Bretteville sur Odon<br \/>\n&#8211; La Cave de Beaulieu de Caen<br \/>\n&#8211; Jeff de Bruges de Caen<\/p>\n<p><img loading=\"lazy\" class=\"alignnone wp-image-575\" src=\"http:\/\/www.lagoaazul-normandie.fr\/newlagoa\/wp-content\/uploads\/2018\/02\/jeff.png\" alt=\"\" width=\"103\" height=\"103\" srcset=\"http:\/\/www.lagoaazul-normandie.fr\/newlagoa\/wp-content\/uploads\/2018\/02\/jeff.png 230w, http:\/\/www.lagoaazul-normandie.fr\/newlagoa\/wp-content\/uploads\/2018\/02\/jeff-150x150.png 150w\" sizes=\"(max-width: 103px) 100vw, 103px\" \/><br \/>\n&#8211; Les Fleurs du Sentier d&rsquo;Evrecy<br \/>\n&#8211; L&rsquo;Orange Bleue d&rsquo;H\u00e9rouville Saint-Clair<\/p>\n<p><img loading=\"lazy\" class=\"alignnone wp-image-578\" src=\"http:\/\/www.lagoaazul-normandie.fr\/newlagoa\/wp-content\/uploads\/2018\/02\/orange-bleue.png\" alt=\"\" width=\"162\" height=\"82\" \/><\/p>\n<hr \/>\n<p>L&rsquo;Association remercie les entreprises suivantes pour leurs dons qui ont contribu\u00e9 \u00e0 la bonne organisation du 10\u00e8me Batizado e troca de cordas de Lagoa Azul Capoeira des 15 et 16 mars 2014 :<\/p>\n<p>&#8211; Restaurant bar Au Bureau \u00e0 Caen<br \/>\n&#8211; Age d&rsquo;Or Service de Caen<br \/>\n&#8211; Sineo Caen de Caen<br \/>\n&#8211; Vinci Facilities de Cormelles le Royal<br \/>\n&#8211; Au Frisson Normand de Garnetot<br \/>\n&#8211; Cours des Halles L.Briend de Caen<br \/>\n&#8211; Le Comptoir Normand de Caen<br \/>\n&#8211; Au Verson Fleuri de Verson<br \/>\n&#8211; La Cave de Beaulieu de Caen<br \/>\n&#8211; Jeff de Bruges de Caen<br \/>\n&#8211; Le Moulin du Bien \u00catre d&rsquo;Evrecy<br \/>\n&#8211; Les Fleurs du Sentier d&rsquo;Evrecy<\/p>\n","protected":false},"excerpt":{"rendered":"<p>Merci \u00e0 nos partenaires qui nous aident \u00e0 promouvoir la Capoeira, notamment gr\u00e2ce au soutien qu&rsquo;ils nous apportent lors de l&rsquo;organisation de notre \u00e9v\u00e8nement annuel le BATIZADO DE CAPOEIRA E TROCA DE CORDAS. Tous vos dons sont extras pour l&rsquo;organisation de notre \u00e9v\u00e9nement 2018 ! 14\u00e8me Batizado &#8211; Mars 2018 https:\/\/www.leetchi.com\/c\/association-de-lagoa-azul-capoeira &nbsp; Venez nombreux \u00e0 [&hellip;]<\/p>\n","protected":false},"author":1,"featured_media":0,"parent":356,"menu_order":0,"comment_status":"closed","ping_status":"closed","template":"","meta":{"extendify_custom_stylesheet":""},"_links":{"self":[{"href":"http:\/\/www.lagoaazul-normandie.fr\/newlagoa\/wp-json\/wp\/v2\/pages\/5"}],"collection":[{"href":"http:\/\/www.lagoaazul-normandie.fr\/newlagoa\/wp-json\/wp\/v2\/pages"}],"about":[{"href":"http:\/\/www.lagoaazul-normandie.fr\/newlagoa\/wp-json\/wp\/v2\/types\/page"}],"author":[{"embeddable":true,"href":"http:\/\/www.lagoaazul-normandie.fr\/newlagoa\/wp-json\/wp\/v2\/users\/1"}],"replies":[{"embeddable":true,"href":"http:\/\/www.lagoaazul-normandie.fr\/newlagoa\/wp-json\/wp\/v2\/comments?post=5"}],"version-history":[{"count":9,"href":"http:\/\/www.lagoaazul-normandie.fr\/newlagoa\/wp-json\/wp\/v2\/pages\/5\/revisions"}],"predecessor-version":[{"id":477,"href":"http:\/\/www.lagoaazul-normandie.fr\/newlagoa\/wp-json\/wp\/v2\/pages\/5\/revisions\/477"}],"up":[{"embeddable":true,"href":"http:\/\/www.lagoaazul-normandie.fr\/newlagoa\/wp-json\/wp\/v2\/pages\/356"}],"wp:attachment":[{"href":"http:\/\/www.lagoaazul-normandie.fr\/newlagoa\/wp-json\/wp\/v2\/media?parent=5"}],"curies":[{"name":"wp","href":"https:\/\/api.w.org\/{rel}","templated":true}]}}