{"id":317,"date":"2015-09-17T16:25:11","date_gmt":"2015-09-17T15:25:11","guid":{"rendered":"http:\/\/www.lagoaazul-normandie.fr\/wpress\/?page_id=317"},"modified":"2018-06-12T19:19:18","modified_gmt":"2018-06-12T17:19:18","slug":"accueil","status":"publish","type":"page","link":"http:\/\/www.lagoaazul-normandie.fr\/newlagoa\/","title":{"rendered":"Bemvindo no site do grupo Lagoa Azul Capoeira"},"content":{"rendered":"<p style=\"text-align: center;\"><div id=\"metaslider-id-549\" style=\"max-width: 700px;\" class=\"ml-slider-3-23-0 metaslider metaslider-flex metaslider-549 ml-slider ml-slider-lightbox-1-12-0 lightbox-disabled\">\n    <div id=\"metaslider_container_549\">\n        <div id=\"metaslider_549\">\n            <ul aria-live=\"polite\" class=\"slides\">\n                <li style=\"display: block; width: 100%;\" class=\"slide-552 ms-image\"><img src=\"http:\/\/www.lagoaazul-normandie.fr\/newlagoa\/wp-content\/uploads\/2018\/01\/batizado-2007-1-700x319.jpg\" height=\"319\" width=\"700\" alt=\"\" class=\"slider-549 slide-552\" \/><\/li>\n                <li style=\"display: none; width: 100%;\" class=\"slide-553 ms-image\"><img src=\"http:\/\/www.lagoaazul-normandie.fr\/newlagoa\/wp-content\/uploads\/2015\/06\/entete-504x230.jpg\" height=\"319\" width=\"700\" alt=\"\" class=\"slider-549 slide-553\" \/><\/li>\n                <li style=\"display: none; width: 100%;\" class=\"slide-729 ms-image\"><img src=\"http:\/\/www.lagoaazul-normandie.fr\/newlagoa\/wp-content\/uploads\/2018\/06\/33769807_10216310076135251_1630293641949872128_n-700x319.jpg\" height=\"319\" width=\"700\" alt=\"\" class=\"slider-549 slide-729\" \/><\/li>\n                <li style=\"display: none; width: 100%;\" class=\"slide-730 ms-image\"><img src=\"http:\/\/www.lagoaazul-normandie.fr\/newlagoa\/wp-content\/uploads\/2018\/06\/F\u00eate-des-Communeaut\u00e9s-2018-700x319.jpg\" height=\"319\" width=\"700\" alt=\"\" class=\"slider-549 slide-730\" \/><\/li>\n                <li style=\"display: none; width: 100%;\" class=\"slide-731 ms-image\"><img src=\"http:\/\/www.lagoaazul-normandie.fr\/newlagoa\/wp-content\/uploads\/2018\/06\/chauff\u00e9-2016-700x319.jpg\" height=\"319\" width=\"700\" alt=\"\" class=\"slider-549 slide-731\" \/><\/li>\n                <li style=\"display: none; width: 100%;\" class=\"slide-732 ms-image\"><img src=\"http:\/\/www.lagoaazul-normandie.fr\/newlagoa\/wp-content\/uploads\/2018\/06\/Ev\u00e9nement-Biriba-Brasil-2018-avec-Mestre-Maurao-700x319.jpg\" height=\"319\" width=\"700\" alt=\"\" class=\"slider-549 slide-732\" \/><\/li>\n                <li style=\"display: none; width: 100%;\" class=\"slide-733 ms-image\"><img src=\"http:\/\/www.lagoaazul-normandie.fr\/newlagoa\/wp-content\/uploads\/2018\/06\/mouv-de-rue-2-700x319.jpg\" height=\"319\" width=\"700\" alt=\"\" class=\"slider-549 slide-733\" \/><\/li>\n                <li style=\"display: none; width: 100%;\" class=\"slide-734 ms-image\"><img src=\"http:\/\/www.lagoaazul-normandie.fr\/newlagoa\/wp-content\/uploads\/2018\/03\/IMG_1386-700x319.jpg\" height=\"319\" width=\"700\" alt=\"\" class=\"slider-549 slide-734\" \/><\/li>\n            <\/ul>\n        <\/div>\n        \n    <\/div>\n<\/div><\/p>\n<p><strong>Allez jeter un coup d&rsquo;oeil aux derniers \u00e9v\u00e9nements \ud83d\ude09\u00a0<\/strong><\/p>\n<blockquote class=\"wp-embedded-content\" data-secret=\"MQDg0ozCS9\"><p><a href=\"http:\/\/www.lagoaazul-normandie.fr\/newlagoa\/le-groupe\/le-systeme-de-grade\/evenements\/\">Ev\u00e8nements<\/a><\/p><\/blockquote>\n<p><iframe class=\"wp-embedded-content\" sandbox=\"allow-scripts\" security=\"restricted\" style=\"position: absolute; clip: rect(1px, 1px, 1px, 1px);\" src=\"http:\/\/www.lagoaazul-normandie.fr\/newlagoa\/le-groupe\/le-systeme-de-grade\/evenements\/embed\/#?secret=MQDg0ozCS9\" data-secret=\"MQDg0ozCS9\" width=\"600\" height=\"338\" title=\"\u00ab\u00a0Ev\u00e8nements\u00a0\u00bb &#8212; Lagoa Azul Capoeira\" frameborder=\"0\" marginwidth=\"0\" marginheight=\"0\" scrolling=\"no\"><\/iframe><\/p>\n<p>&nbsp;<\/p>\n<p>Vous trouverez ici tous les d\u00e9tails concernant les cours, mais aussi des chansons, des aides \u00e0 l&rsquo;apprentissage de la musique et bien entendu tous les d\u00e9tails sur Lagoa Azul Capoeira.<\/p>\n<p><img loading=\"lazy\" class=\"alignnone size-large wp-image-520\" src=\"http:\/\/www.lagoaazul-normandie.fr\/newlagoa\/wp-content\/uploads\/2018\/01\/batizado-2015-1-1024x768.jpg\" alt=\"\" width=\"1024\" height=\"768\" srcset=\"http:\/\/www.lagoaazul-normandie.fr\/newlagoa\/wp-content\/uploads\/2018\/01\/batizado-2015-1-1024x768.jpg 1024w, http:\/\/www.lagoaazul-normandie.fr\/newlagoa\/wp-content\/uploads\/2018\/01\/batizado-2015-1-300x225.jpg 300w, http:\/\/www.lagoaazul-normandie.fr\/newlagoa\/wp-content\/uploads\/2018\/01\/batizado-2015-1-768x576.jpg 768w, http:\/\/www.lagoaazul-normandie.fr\/newlagoa\/wp-content\/uploads\/2018\/01\/batizado-2015-1.jpg 1600w\" sizes=\"(max-width: 1024px) 100vw, 1024px\" \/><img loading=\"lazy\" class=\"alignnone size-large wp-image-523\" src=\"http:\/\/www.lagoaazul-normandie.fr\/newlagoa\/wp-content\/uploads\/2018\/01\/chauff\u00e9-2016-1024x683.jpg\" alt=\"\" width=\"1024\" height=\"683\" srcset=\"http:\/\/www.lagoaazul-normandie.fr\/newlagoa\/wp-content\/uploads\/2018\/01\/chauff\u00e9-2016-1024x683.jpg 1024w, http:\/\/www.lagoaazul-normandie.fr\/newlagoa\/wp-content\/uploads\/2018\/01\/chauff\u00e9-2016-300x200.jpg 300w, http:\/\/www.lagoaazul-normandie.fr\/newlagoa\/wp-content\/uploads\/2018\/01\/chauff\u00e9-2016-768x512.jpg 768w, http:\/\/www.lagoaazul-normandie.fr\/newlagoa\/wp-content\/uploads\/2018\/01\/chauff\u00e9-2016.jpg 2048w\" sizes=\"(max-width: 1024px) 100vw, 1024px\" \/><img loading=\"lazy\" class=\"alignnone size-large wp-image-522\" src=\"http:\/\/www.lagoaazul-normandie.fr\/newlagoa\/wp-content\/uploads\/2018\/01\/batizado-brasil-2016-1024x683.jpg\" alt=\"\" width=\"1024\" height=\"683\" srcset=\"http:\/\/www.lagoaazul-normandie.fr\/newlagoa\/wp-content\/uploads\/2018\/01\/batizado-brasil-2016-1024x683.jpg 1024w, http:\/\/www.lagoaazul-normandie.fr\/newlagoa\/wp-content\/uploads\/2018\/01\/batizado-brasil-2016-300x200.jpg 300w, http:\/\/www.lagoaazul-normandie.fr\/newlagoa\/wp-content\/uploads\/2018\/01\/batizado-brasil-2016-768x512.jpg 768w, http:\/\/www.lagoaazul-normandie.fr\/newlagoa\/wp-content\/uploads\/2018\/01\/batizado-brasil-2016.jpg 1181w\" sizes=\"(max-width: 1024px) 100vw, 1024px\" \/><img loading=\"lazy\" class=\"alignnone size-large wp-image-539\" src=\"http:\/\/www.lagoaazul-normandie.fr\/newlagoa\/wp-content\/uploads\/2018\/02\/telethon-2014-2-1024x768.jpg\" alt=\"\" width=\"1024\" height=\"768\" srcset=\"http:\/\/www.lagoaazul-normandie.fr\/newlagoa\/wp-content\/uploads\/2018\/02\/telethon-2014-2-1024x768.jpg 1024w, http:\/\/www.lagoaazul-normandie.fr\/newlagoa\/wp-content\/uploads\/2018\/02\/telethon-2014-2-300x225.jpg 300w, http:\/\/www.lagoaazul-normandie.fr\/newlagoa\/wp-content\/uploads\/2018\/02\/telethon-2014-2-768x576.jpg 768w, http:\/\/www.lagoaazul-normandie.fr\/newlagoa\/wp-content\/uploads\/2018\/02\/telethon-2014-2.jpg 1280w\" sizes=\"(max-width: 1024px) 100vw, 1024px\" \/><img loading=\"lazy\" class=\"alignnone size-large wp-image-528\" src=\"http:\/\/www.lagoaazul-normandie.fr\/newlagoa\/wp-content\/uploads\/2018\/01\/visite-mestre-maurao-2017-1024x765.jpg\" alt=\"\" width=\"1024\" height=\"765\" srcset=\"http:\/\/www.lagoaazul-normandie.fr\/newlagoa\/wp-content\/uploads\/2018\/01\/visite-mestre-maurao-2017-1024x765.jpg 1024w, http:\/\/www.lagoaazul-normandie.fr\/newlagoa\/wp-content\/uploads\/2018\/01\/visite-mestre-maurao-2017-300x224.jpg 300w, http:\/\/www.lagoaazul-normandie.fr\/newlagoa\/wp-content\/uploads\/2018\/01\/visite-mestre-maurao-2017-768x573.jpg 768w, http:\/\/www.lagoaazul-normandie.fr\/newlagoa\/wp-content\/uploads\/2018\/01\/visite-mestre-maurao-2017.jpg 2048w\" sizes=\"(max-width: 1024px) 100vw, 1024px\" \/><img loading=\"lazy\" class=\"alignnone size-large wp-image-534\" src=\"http:\/\/www.lagoaazul-normandie.fr\/newlagoa\/wp-content\/uploads\/2018\/02\/2015-kaz2-1024x768.jpg\" alt=\"\" width=\"1024\" height=\"768\" srcset=\"http:\/\/www.lagoaazul-normandie.fr\/newlagoa\/wp-content\/uploads\/2018\/02\/2015-kaz2-1024x768.jpg 1024w, http:\/\/www.lagoaazul-normandie.fr\/newlagoa\/wp-content\/uploads\/2018\/02\/2015-kaz2-300x225.jpg 300w, http:\/\/www.lagoaazul-normandie.fr\/newlagoa\/wp-content\/uploads\/2018\/02\/2015-kaz2-768x576.jpg 768w, http:\/\/www.lagoaazul-normandie.fr\/newlagoa\/wp-content\/uploads\/2018\/02\/2015-kaz2.jpg 1280w\" sizes=\"(max-width: 1024px) 100vw, 1024px\" \/><\/p>\n<p>Visitez \u00e9galement notre site de Paris :\u00a0<a href=\"http:\/\/www.lagoaazul-issy.fr\/\" target=\"_blank\" rel=\"noopener\">LAGOA AZUL ISSY<\/a><\/p>\n","protected":false},"excerpt":{"rendered":"<p>Allez jeter un coup d&rsquo;oeil aux derniers \u00e9v\u00e9nements \ud83d\ude09\u00a0 Ev\u00e8nements &nbsp; Vous trouverez ici tous les d\u00e9tails concernant les cours, mais aussi des chansons, des aides \u00e0 l&rsquo;apprentissage de la musique et bien entendu tous les d\u00e9tails sur Lagoa Azul Capoeira. Visitez \u00e9galement notre site de Paris :\u00a0LAGOA AZUL ISSY<\/p>\n","protected":false},"author":1,"featured_media":0,"parent":0,"menu_order":0,"comment_status":"closed","ping_status":"closed","template":"","meta":{"extendify_custom_stylesheet":""},"_links":{"self":[{"href":"http:\/\/www.lagoaazul-normandie.fr\/newlagoa\/wp-json\/wp\/v2\/pages\/317"}],"collection":[{"href":"http:\/\/www.lagoaazul-normandie.fr\/newlagoa\/wp-json\/wp\/v2\/pages"}],"about":[{"href":"http:\/\/www.lagoaazul-normandie.fr\/newlagoa\/wp-json\/wp\/v2\/types\/page"}],"author":[{"embeddable":true,"href":"http:\/\/www.lagoaazul-normandie.fr\/newlagoa\/wp-json\/wp\/v2\/users\/1"}],"replies":[{"embeddable":true,"href":"http:\/\/www.lagoaazul-normandie.fr\/newlagoa\/wp-json\/wp\/v2\/comments?post=317"}],"version-history":[{"count":12,"href":"http:\/\/www.lagoaazul-normandie.fr\/newlagoa\/wp-json\/wp\/v2\/pages\/317\/revisions"}],"predecessor-version":[{"id":458,"href":"http:\/\/www.lagoaazul-normandie.fr\/newlagoa\/wp-json\/wp\/v2\/pages\/317\/revisions\/458"}],"wp:attachment":[{"href":"http:\/\/www.lagoaazul-normandie.fr\/newlagoa\/wp-json\/wp\/v2\/media?parent=317"}],"curies":[{"name":"wp","href":"https:\/\/api.w.org\/{rel}","templated":true}]}}