{"id":178,"date":"2015-09-08T14:47:12","date_gmt":"2015-09-08T13:47:12","guid":{"rendered":"http:\/\/www.lagoaazul-normandie.fr\/wpress\/?page_id=178"},"modified":"2018-01-25T12:13:12","modified_gmt":"2018-01-25T11:13:12","slug":"les-instruments","status":"publish","type":"page","link":"http:\/\/www.lagoaazul-normandie.fr\/newlagoa\/les-instruments\/","title":{"rendered":"Les instruments"},"content":{"rendered":"<div class=\"entry\">\n<p>La capoeira prend tout son sens en musique. Six instruments voir plus sont utilis\u00e9s.<\/p>\n<p>Voici les plus courants :<\/p>\n<h4>Le Berimbau<\/h4>\n<h4><img loading=\"lazy\" class=\"alignnone wp-image-433\" src=\"http:\/\/www.lagoaazul-normandie.fr\/newlagoa\/wp-content\/uploads\/2018\/01\/Berimbau-A132012-300x300.jpg\" alt=\"\" width=\"148\" height=\"148\" srcset=\"http:\/\/www.lagoaazul-normandie.fr\/newlagoa\/wp-content\/uploads\/2018\/01\/Berimbau-A132012-300x300.jpg 300w, http:\/\/www.lagoaazul-normandie.fr\/newlagoa\/wp-content\/uploads\/2018\/01\/Berimbau-A132012-150x150.jpg 150w, http:\/\/www.lagoaazul-normandie.fr\/newlagoa\/wp-content\/uploads\/2018\/01\/Berimbau-A132012-768x768.jpg 768w, http:\/\/www.lagoaazul-normandie.fr\/newlagoa\/wp-content\/uploads\/2018\/01\/Berimbau-A132012.jpg 800w\" sizes=\"(max-width: 148px) 100vw, 148px\" \/><\/h4>\n<p>C\u2019est l\u2019instrument de musique principal de la capoeira, celui qui commande la ronde. Il est compos\u00e9 d\u2019un b\u00e2ton droit d\u2019une longueur de 1,40 m environ auquel on associe une corde d\u2019acier pour former un arc. Le son qu\u2019il produit est puissant et grave.<\/p>\n<p><img title=\"Le berimbau, instrument de capoeira\" src=\"http:\/\/www.cantodecapoeira-paris.fr\/wp-content\/uploads\/2014\/08\/Berimbau.png\" alt=\"\" \/><br \/>\nAu cours de la roda, on utilise souvent un jeu de trois berimbaus qui se diff\u00e9rencient par leurs sonorit\u00e9s.<br \/>\n&#8211; Le premier appel\u00e9 Gunga poss\u00e8de une calebasse volumineuse. Son son est plut\u00f4t grave et tr\u00e8s puissant. C\u2019est lui qui donne le rythme de base qui devra \u00eatre suivi par les autres berimbaus.<br \/>\n&#8211; Le second est appel\u00e9 med\u00edo. Sa calebasse est un peu moins volumineuse mais son volume sonore reste puissant. Le joueur qui joue du med\u00edo peut effectuer des variations pour modifier un peu le rythme \u00e9tabli par les autres instruments.<br \/>\nLe dernier s\u2019appelle viola et poss\u00e8de la plus petite des trois calebasses.<br \/>\nSa sonorit\u00e9 est bien moins graveet permet au joueur d\u2019effectuer de nombreuses variations sans \u00e9touffer le rythme principal.<\/p>\n<p>Le caxixi (se prononce \u2018cachichi\u2019) est g\u00e9n\u00e9ralement utilis\u00e9 avec le Berimbau.<\/p>\n<div class=\"one_third\"><img title=\"L'atabaque, instrument de capoeira\" src=\"http:\/\/www.cantodecapoeira-paris.fr\/wp-content\/uploads\/2014\/08\/atabaque.jpg\" alt=\"\" width=\"200px\" \/><\/div>\n<div class=\"two_third last\">\n<h4>L\u2019Atabaque<\/h4>\n<p><img loading=\"lazy\" class=\"alignnone  wp-image-436\" src=\"http:\/\/www.lagoaazul-normandie.fr\/newlagoa\/wp-content\/uploads\/2018\/01\/atabaque-215x300.jpg\" alt=\"\" width=\"154\" height=\"215\" srcset=\"http:\/\/www.lagoaazul-normandie.fr\/newlagoa\/wp-content\/uploads\/2018\/01\/atabaque-215x300.jpg 215w, http:\/\/www.lagoaazul-normandie.fr\/newlagoa\/wp-content\/uploads\/2018\/01\/atabaque.jpg 375w\" sizes=\"(max-width: 154px) 100vw, 154px\" \/><\/p>\n<p>Il f\u00fbt le premier instrument utilis\u00e9 dans la capoeira, bien avant le berimbau. Tout en bois, cet instrument \u00e0 percussions ressemble \u00e0 un long tambour conique. Il serait d\u2019origine arabe, introduit en Afrique par les marchants qui entraient dans le continent en traversant les pays du Nord. C\u2019est un instrument que l\u2019on joue \u00e0 pleine main pour obtenir des notes claqu\u00e9es ou toniques. Il n\u2019y a qu\u2019un atabaque dans une roda de capoeira, et il est le plus souvent place a gauche a c\u00f4t\u00e9 du gunga. Il doit accompagner les berimbaus, non les dominer.<br \/>\nL\u2019atabaque maintient le rythme du jeu. Le gunga dicte la vitesse et le type du jeu, mais l\u2019atabaque maintient ce rythme m\u00eame lors d\u2019une variation occasionnelle du gunga. C\u2019est le battement de coeur de la roda.<\/p>\n<p>En revanche, il est l\u2019instrument principal du Macul\u00eal\u00ea et est consid\u00e9r\u00e9 comme sacr\u00e9 dans le Candombl\u00e9.<\/p>\n<p>Il y a trois types d\u2019Atabaques :<\/p>\n<ul>\n<li style=\"list-style-type: none;\">\n<ul>\n<li><b>Rum:<\/b> le plus grand avec un son plus grave.<\/li>\n<li><b>Rum-Pi:<\/b> taille moyenne.<\/li>\n<li><b>L\u00ea:<\/b> le plus petit avec le son le plus aigu.<\/li>\n<\/ul>\n<\/li>\n<\/ul>\n<p>En Macul\u00eal\u00ea et dans les rituels de Candombl\u00e9, on utilise les trois atabaques (un de chaque sorte si possible et pas d\u2019autres instruments).<\/p>\n<\/div>\n<div class=\"cl\"><\/div>\n<div class=\"three_fifth\">\n<h4>Le Pandeiro<\/h4>\n<p><img loading=\"lazy\" class=\"alignnone  wp-image-437\" src=\"http:\/\/www.lagoaazul-normandie.fr\/newlagoa\/wp-content\/uploads\/2018\/01\/pandeiro-busca-longe.jpg\" alt=\"\" width=\"181\" height=\"181\" srcset=\"http:\/\/www.lagoaazul-normandie.fr\/newlagoa\/wp-content\/uploads\/2018\/01\/pandeiro-busca-longe.jpg 215w, http:\/\/www.lagoaazul-normandie.fr\/newlagoa\/wp-content\/uploads\/2018\/01\/pandeiro-busca-longe-150x150.jpg 150w\" sizes=\"(max-width: 181px) 100vw, 181px\" \/><\/p>\n<p>Autre instrument \u00e0 percussions, le pandeiro est un tambourin \u00e0 cymbalettes, qui permet d\u2019obtenir une rythmique tr\u00e8s sp\u00e9cifique qui soutient le rythme principal. Le joueur qui tient le pandeiro peut effectuer des variations et des envol\u00e9es de rythmes qui donnent encore plus d\u2019\u00e9nergie \u00e0 la roda.<\/p>\n<\/div>\n<div class=\"two_fifth last\"><img src=\"http:\/\/www.cantodecapoeira-paris.fr\/wp-content\/uploads\/2014\/08\/pandeiro.png\" alt=\"\" width=\"200px\" \/><\/div>\n<div class=\"cl\"><\/div>\n<div class=\"two_fifth\"><img title=\"Agogo, instrument de capoeira\" src=\"http:\/\/www.cantodecapoeira-paris.fr\/wp-content\/uploads\/2014\/08\/Agogo.jpg\" alt=\"\" \/><\/div>\n<div class=\"three_fifth last\">\n<h4>L\u2019agog\u00f4<\/h4>\n<p><img loading=\"lazy\" class=\"alignnone size-medium wp-image-438\" src=\"http:\/\/www.lagoaazul-normandie.fr\/newlagoa\/wp-content\/uploads\/2018\/01\/types-of-agogo-300x125.jpg\" alt=\"\" width=\"300\" height=\"125\" srcset=\"http:\/\/www.lagoaazul-normandie.fr\/newlagoa\/wp-content\/uploads\/2018\/01\/types-of-agogo-300x125.jpg 300w, http:\/\/www.lagoaazul-normandie.fr\/newlagoa\/wp-content\/uploads\/2018\/01\/types-of-agogo-768x320.jpg 768w, http:\/\/www.lagoaazul-normandie.fr\/newlagoa\/wp-content\/uploads\/2018\/01\/types-of-agogo-1024x427.jpg 1024w, http:\/\/www.lagoaazul-normandie.fr\/newlagoa\/wp-content\/uploads\/2018\/01\/types-of-agogo.jpg 1920w\" sizes=\"(max-width: 300px) 100vw, 300px\" \/><\/p>\n<p>C\u2019est un instrument originaire d\u2019Afrique compos\u00e9 de deux noix de coco vides de tailles diff\u00e9rentes clou\u00e9es sur un b\u00e2ton. Sa version moderne est compos\u00e9e de deux petites cloches en fer forg\u00e9 de formes coniques et de tailles diff\u00e9rentes, reli\u00e9es entre elles par une tige recourb\u00e9e du m\u00eame mat\u00e9riau. En forme de U (servant de poign\u00e9e), l\u2019agog\u00f4 \u00e9met des sons en \u00e9tant frapp\u00e9es au moyen d\u2019une baguette (en bois ou de m\u00e9tal).<\/p>\n<\/div>\n<div class=\"cl\"><\/div>\n<div class=\"three_fifth\">\n<h4>Le reco-reco<\/h4>\n<p><img loading=\"lazy\" class=\"alignnone  wp-image-439\" src=\"http:\/\/www.lagoaazul-normandie.fr\/newlagoa\/wp-content\/uploads\/2018\/01\/reco-reco-300x263.jpg\" alt=\"\" width=\"184\" height=\"161\" srcset=\"http:\/\/www.lagoaazul-normandie.fr\/newlagoa\/wp-content\/uploads\/2018\/01\/reco-reco-300x263.jpg 300w, http:\/\/www.lagoaazul-normandie.fr\/newlagoa\/wp-content\/uploads\/2018\/01\/reco-reco.jpg 350w\" sizes=\"(max-width: 184px) 100vw, 184px\" \/><\/p>\n<p>Le reco-reco a \u00e9t\u00e9 incorpor\u00e9 r\u00e9cemment \u00e0 la roda. Il est traditionnellement fabriqu\u00e9 \u00e0 partir d\u2019une tige creuse comme la canne \u00e0 sucre de canne ou le bambou (environ 30 cm de long).<br \/>\nSa surface ondul\u00e9e est gratt\u00e9 avec un bois pour cr\u00e9er un son aigu, mais granuleuse. Il est souvent remplac\u00e9 par tout ce qui a une surface ondul\u00e9e, comme des grillages ou des bouteilles d\u2019eau en plastique.<br \/>\nLe son produit par le reco-reco fait penser \u00e0 un coassement de grenouille<\/p>\n<\/div>\n<div class=\"two_fifth last\"><img title=\"Agogo, instrument de capoeira\" src=\"http:\/\/www.cantodecapoeira-paris.fr\/wp-content\/uploads\/2014\/08\/Reco-Reco.jpg\" alt=\"\" width=\"200px\" \/><\/div>\n<div class=\"cl\"><\/div>\n<p>Utilis\u00e9s tous ensemble, ils forment la \u2018bateria\u2019 qui est \u00e0 la t\u00eate de la roda.<\/p>\n<\/div>\n","protected":false},"excerpt":{"rendered":"<p>La capoeira prend tout son sens en musique. Six instruments voir plus sont utilis\u00e9s. Voici les plus courants : Le Berimbau C\u2019est l\u2019instrument de musique principal de la capoeira, celui qui commande la ronde. Il est compos\u00e9 d\u2019un b\u00e2ton droit d\u2019une longueur de 1,40 m environ auquel on associe une corde d\u2019acier pour former un [&hellip;]<\/p>\n","protected":false},"author":1,"featured_media":0,"parent":0,"menu_order":0,"comment_status":"closed","ping_status":"closed","template":"","meta":{"extendify_custom_stylesheet":""},"_links":{"self":[{"href":"http:\/\/www.lagoaazul-normandie.fr\/newlagoa\/wp-json\/wp\/v2\/pages\/178"}],"collection":[{"href":"http:\/\/www.lagoaazul-normandie.fr\/newlagoa\/wp-json\/wp\/v2\/pages"}],"about":[{"href":"http:\/\/www.lagoaazul-normandie.fr\/newlagoa\/wp-json\/wp\/v2\/types\/page"}],"author":[{"embeddable":true,"href":"http:\/\/www.lagoaazul-normandie.fr\/newlagoa\/wp-json\/wp\/v2\/users\/1"}],"replies":[{"embeddable":true,"href":"http:\/\/www.lagoaazul-normandie.fr\/newlagoa\/wp-json\/wp\/v2\/comments?post=178"}],"version-history":[{"count":3,"href":"http:\/\/www.lagoaazul-normandie.fr\/newlagoa\/wp-json\/wp\/v2\/pages\/178\/revisions"}],"predecessor-version":[{"id":440,"href":"http:\/\/www.lagoaazul-normandie.fr\/newlagoa\/wp-json\/wp\/v2\/pages\/178\/revisions\/440"}],"wp:attachment":[{"href":"http:\/\/www.lagoaazul-normandie.fr\/newlagoa\/wp-json\/wp\/v2\/media?parent=178"}],"curies":[{"name":"wp","href":"https:\/\/api.w.org\/{rel}","templated":true}]}}